{"id":28141,"date":"2024-06-19T12:47:38","date_gmt":"2024-06-19T12:47:38","guid":{"rendered":"https:\/\/www.mizarstvo-jerancic.si\/pogoji-zasebnosti\/"},"modified":"2025-12-15T13:30:13","modified_gmt":"2025-12-15T13:30:13","slug":"privacy-policy","status":"publish","type":"page","link":"https:\/\/www.mizarstvo-jerancic.si\/en\/privacy-policy\/","title":{"rendered":"Privacy Policy"},"content":{"rendered":"\t\t<div data-elementor-type=\"wp-page\" data-elementor-id=\"28141\" class=\"elementor elementor-28141 elementor-26331\">\n\t\t\t\t<div class=\"elementor-element elementor-element-0789382 e-flex e-con-boxed e-con e-parent\" data-id=\"0789382\" data-element_type=\"container\" data-settings=\"{&quot;background_background&quot;:&quot;classic&quot;}\">\n\t\t\t\t\t<div class=\"e-con-inner\">\n\t\t<div class=\"elementor-element elementor-element-d29d2a7 e-con-full e-flex e-con e-child\" data-id=\"d29d2a7\" data-element_type=\"container\">\n\t\t\t\t<div class=\"elementor-element elementor-element-9558a28 elementor-widget elementor-widget-elementskit-heading\" data-id=\"9558a28\" data-element_type=\"widget\" data-settings=\"{&quot;ekit_we_effect_on&quot;:&quot;css&quot;}\" data-widget_type=\"elementskit-heading.default\">\n\t\t\t\t<div class=\"elementor-widget-container\">\n\t\t\t<div class=\"ekit-wid-con\" ><div class=\"ekit-heading elementskit-section-title-wraper text_center   ekit_heading_tablet-   ekit_heading_mobile-\"><h1 class=\"ekit-heading--title elementskit-section-title \">Privacy policy<\/h1><\/div><\/div>\t\t<\/div>\n\t\t\t\t<\/div>\n\t\t\t\t<\/div>\n\t\t\t\t\t<\/div>\n\t\t\t\t<\/div>\n\t\t<div class=\"elementor-element elementor-element-62b5cf5 e-flex e-con-boxed e-con e-parent\" data-id=\"62b5cf5\" data-element_type=\"container\">\n\t\t\t\t\t<div class=\"e-con-inner\">\n\t\t\t\t<div class=\"elementor-element elementor-element-9d3d5fc elementor-widget elementor-widget-text-editor\" data-id=\"9d3d5fc\" data-element_type=\"widget\" data-settings=\"{&quot;ekit_we_effect_on&quot;:&quot;none&quot;}\" data-widget_type=\"text-editor.default\">\n\t\t\t\t<div class=\"elementor-widget-container\">\n\t\t\t\t\t\t\t<h2 data-pm-slice=\"1 1 []\">Meaning of Terms<\/h2><h3>Privacy Policy<\/h3><p>The Privacy Policy is an internal act of the company MIZARSTVO IN MONTA\u017dNE STORITVE MATJA\u017d JERAN\u010cI\u010c S.P. (hereinafter: the processor) and applies to all legal relationships between it and service clients (hereinafter: the controller).<\/p><p>This act defines the rights and obligations of the processor and the controller in the management and processing of individuals\u2019 personal data.<\/p><h3>Personal Data<\/h3><p>Personal data means any information relating to an identified or identifiable individual who is a natural person. An identified individual is one whose personal data are defined and processed in accordance with the purposes determined by the controller. An identifiable individual is one who can be identified directly or indirectly and whose personal data can be processed in accordance with the purposes determined by the controller.<\/p><h3>Individual<\/h3><p>An individual is any natural person whose personal data are processed on a lawful or contractual basis between the controller and that individual or on the basis of explicit consent given by the individual to the controller.<\/p><h3>Controller<\/h3><p>The controller determines the purposes and means of processing within the scope of its registered activity and\/or statutory powers. The individual is informed in advance who the controller of personal data is and who the processor of their personal data is.<\/p><h3>Processor<\/h3><p>The processor processes individuals\u2019 personal data on behalf of the controller, in accordance with the controller\u2019s instructions, within the scope of lawful purposes and methods of processing.<\/p><h3>Sub-processor<\/h3><p>The sub-processor processes individuals\u2019 personal data on behalf of and in accordance with the instructions of the processor, within the scope of lawful purposes and methods of processing.<\/p><h3>Processing<\/h3><p>Processing of personal data means any operation or set of operations performed on personal data or sets of personal data, whether or not by automated means, such as collection, recording, organisation, structuring, storage, adaptation or alteration, retrieval, consultation, use, disclosure by transmission, dissemination or otherwise making available, alignment or combination, restriction, erasure or destruction.<\/p><h3>Restriction of Processing<\/h3><p>Restriction of processing means the marking of stored personal data with the aim of limiting their processing in the future.<\/p><h3>Profiling<\/h3><p>Profiling means any form of automated processing of personal data consisting of the use of personal data to evaluate certain personal aspects relating to an individual, in particular to analyse or predict performance at work, economic situation, health, personal preferences, interests, reliability, behaviour, location or movements of that individual.<\/p><h3>Pseudonymisation<\/h3><p>Pseudonymisation means the processing of personal data in such a manner that the personal data can no longer be attributed to a specific individual without the use of additional information, provided that such additional information is kept separately and is subject to technical and organisational measures to ensure that the personal data are not attributed to an identified or identifiable individual.<\/p><h3>Consent of the Individual<\/h3><p>Consent of the individual to whom the personal data relate means any freely given, specific, informed and unambiguous indication of the individual\u2019s wishes by which they, by a statement or by a clear affirmative action, signify agreement to the processing of personal data relating to them.<\/p><h3>Personal Data Breach<\/h3><p>A personal data breach means a breach of security leading to the accidental or unlawful destruction, loss, alteration, unauthorised disclosure of, or access to, personal data transmitted, stored or otherwise processed.<\/p><h2>Processing of Personal Data<\/h2><h3>Processor Information<\/h3><p>MIZARSTVO IN MONTA\u017dNE STORITVE MATJA\u017d JERAN\u010cI\u010c S.P.<\/p><p>Tax number: SI41793684<br \/>Registration number: 3227804000<\/p><p>E: <a>mizarstvo.jerancic@gmail.com<\/a><br \/>T: 031 819 626<\/p><h3>Sub-processors<\/h3><p>The processor has concluded agreements on the further processing of personal data of individuals of a specific controller in cases where, for the performance of its services, it uses external processors who are sub-processors in relation to the controller. The processor is responsible for the selection of sub-processors and ensures that they are bound to the same or a higher level of personal data protection as required by Slovenian regulations and European Union regulations. The processor informs the controller of its existing processors and of any replacement of processors or engagement of new processors. This is done by announcing the publication of new privacy conditions, in which new processors are listed and the controller is given thirty days to comment on, approve or object to the changes.<\/p><h3>Legal Basis for the Processing of Personal Data<\/h3><p>The processor has a legal basis for processing the personal data of individuals of a specific controller in a previously concluded contract between the controller and the processor or on the basis of another agreement for the provision of services.<\/p><p>The processor is responsible for ensuring that controllers are familiar with this act and other acts of the processor insofar as they regulate the field of processing of individuals\u2019 personal data and\/or business conditions for the performance of ordered services.<\/p><p>The controller is responsible for ensuring appropriate legal bases for the processing of personal data (legitimate interest, contractual interest and\/or explicit consent of the individual).<\/p><h3>Types of Personal Data<\/h3><p>The processor processes the personal data provided to it by the controller. The processor never processes other personal data of individuals of a specific controller.<\/p><h3>Purposes of Personal Data Processing<\/h3><p>The processor processes personal data of individuals of a specific controller solely for the purposes for which it has received instructions from the controller. The processor never processes personal data of individuals of a specific controller for other purposes.<\/p><h3>Role of the Controller<\/h3><p>The controller is obliged to provide the processor with instructions for the processing of the personal data of individuals under its control. The controller must clearly and unambiguously inform the processor which types of personal data and for which purposes may be processed.<\/p><h3>Documented Instructions of the Controller<\/h3><p>Under this act, the controller is obliged to determine for the processor the content and duration of the processing of personal data, the nature and purpose of the processing, the types of personal data and the categories of individuals to whom the personal data relate.<\/p><p>The controller\u2019s instructions must be documented and may be provided in written form by regular or electronic mail; in the case of oral instructions, the processor requires written confirmation by regular or electronic mail.<\/p><p>The processor is not responsible for the lawfulness of the instructions received from the controller for the processing of personal data of individuals of a specific controller.<\/p><h3>Confidentiality of Data<\/h3><p>The processor ensures that persons authorised to process personal data are bound by confidentiality or are subject to an appropriate statutory obligation of confidentiality. The processor has adopted an internal Personal Data Protection Policy and obtains from all employees and external collaborators a written commitment to confidentiality of data, acknowledgement of the policy and of the appropriate security measures implemented by the processor to ensure an adequate level of data security.<\/p><h3>Rights of Individuals<\/h3><p>The processor technically ensures that, upon the instruction of the controller and within the lawful scope, it provides support, technical solutions and final data required by the controller when individuals exercise one or more of the rights granted to them by law: the right to rectification, the right to erasure, the right to restriction of processing, the right to data portability and the right to object.<\/p><h3>Deletion or Transfer of Data<\/h3><p>Based on prior documented instructions of the controller, the processor deletes or returns all personal data to the controller after completion of the service performed for the controller and destroys existing copies, except where storage of the data is required by law.<\/p><h3>Access to Information<\/h3><p>The processor provides the controller with all information necessary to demonstrate compliance with the obligations under this act and applicable legislation, and enables the controller or another auditor authorised by the controller to carry out audits, including inspections, and cooperates in such audits.<\/p><h2>Security of Personal Data Processing<\/h2><h3>Processing Security<\/h3><p>Taking into account the state of the art, the costs of implementation, the nature, scope, context and purposes of processing, as well as the risks to the rights and freedoms of individuals, which vary in likelihood and severity, the controller and the processor ensure an appropriate level of security through the implementation of appropriate technical and organisational measures, including, among others, measures that include:<\/p><ul data-spread=\"false\"><li><p>pseudonymisation and encryption of personal data,<\/p><\/li><li><p>the ability to ensure ongoing confidentiality, integrity, availability and resilience of processing systems and services,<\/p><\/li><li><p>the ability to restore the availability and access to personal data in a timely manner in the event of a physical or technical incident,<\/p><\/li><li><p>procedures for regularly testing, assessing and evaluating the effectiveness of technical and organisational measures for ensuring the security of processing.<\/p><\/li><\/ul><p>When determining the appropriate level of security, particular account is taken of the risks presented by processing, in particular from accidental or unlawful destruction, loss, alteration, unauthorised disclosure of, or access to, personal data transmitted, stored or otherwise processed.<\/p><h3>Data Protection Officer<\/h3><p>The processor is not obliged to appoint a data protection officer, as it does not carry out processing as a public authority or body, nor does its core activity include processing operations which, by virtue of their nature, scope and\/or purposes, require regular and systematic large-scale monitoring of individuals, nor does the core activity of the processor include large-scale processing of special categories of personal data.<\/p><h3>Security Measures<\/h3><p>The processor ensures appropriate security measures in the processing of personal data to ensure the protection of personal data. Security measures are regularly monitored and updated in accordance with technological development and legislative requirements.<\/p><p>The processor informs the controller of security measures and appropriate technical solutions in a separate document, which forms an integral part of these privacy conditions governing the legal relationship between the controller and the processor, and of the Personal Data Protection Policy governing the legal relationship between the processor and employees who process the personal data of individuals of a specific controller.<\/p><h2>Final Provisions<\/h2><h3>Binding Nature of Legal Conditions<\/h3><ol start=\"1\" data-spread=\"false\"><li><p>The privacy conditions apply to all controllers with whom the processor has a regulated legal-business relationship by contract or in writing via electronic mail and which controllers confirm via electronic mail; it shall be deemed that an annex to the existing legal relationship has been accepted or, if the controller so requires, by a written annex to the existing written contract.<\/p><\/li><li><p>The privacy conditions are binding for all legal transactions concluded on their basis.<\/p><\/li><li><p>The privacy conditions form an integral part of the service order by the controller.<\/p><\/li><li><p>The controller confirms awareness of and agreement with these privacy conditions prior to ordering the service (in the contract or in writing via electronic communication).<\/p><\/li><\/ol><h3>Amendments to the Privacy Conditions<\/h3><ol start=\"1\" data-spread=\"false\"><li><p>The processor regularly updates the privacy conditions in accordance with legislative changes.<\/p><\/li><li><p>The processor informs the controller of changes in a timely manner in writing by electronic message.<\/p><\/li><li><p>The processor maintains an archive of changes to the privacy conditions, which is accessible to any controller upon prior written request to the processor\u2019s contact email address.<\/p><\/li><\/ol><h3>Dispute Resolution<\/h3><p>The processor and the controller undertake to resolve any disagreements and disputes amicably and by mutual agreement. If an amicable resolution is not possible, the competent court for resolving the dispute shall be the court in the Republic of Slovenia with jurisdiction at the registered office of the processor.<\/p>\t\t\t\t\t\t<\/div>\n\t\t\t\t<\/div>\n\t\t\t\t\t<\/div>\n\t\t\t\t<\/div>\n\t\t\t\t<\/div>\n\t\t","protected":false},"excerpt":{"rendered":"<p>Privacy policy Meaning of Terms Privacy Policy The Privacy Policy is an internal act of the company MIZARSTVO IN MONTA\u017dNE STORITVE MATJA\u017d JERAN\u010cI\u010c S.P. (hereinafter: the processor) and applies to all legal relationships between it and service clients (hereinafter: the controller). This act defines the rights and obligations of the processor and the controller in [&hellip;]<\/p>\n","protected":false},"author":1,"featured_media":0,"parent":0,"menu_order":0,"comment_status":"closed","ping_status":"closed","template":"","meta":{"footnotes":""},"class_list":["post-28141","page","type-page","status-publish","hentry"],"yoast_head":"<!-- This site is optimized with the Yoast SEO plugin v26.6 - https:\/\/yoast.com\/wordpress\/plugins\/seo\/ -->\n<title>Privacy Policy | Mizarstvo Jeran\u010di\u010d<\/title>\n<meta name=\"robots\" content=\"index, follow, max-snippet:-1, max-image-preview:large, max-video-preview:-1\" \/>\n<link rel=\"canonical\" href=\"https:\/\/www.mizarstvo-jerancic.si\/en\/privacy-policy\/\" \/>\n<meta property=\"og:locale\" content=\"en_US\" \/>\n<meta property=\"og:type\" content=\"article\" \/>\n<meta property=\"og:title\" content=\"Privacy Policy | Mizarstvo Jeran\u010di\u010d\" \/>\n<meta property=\"og:description\" content=\"Privacy policy Meaning of Terms Privacy Policy The Privacy Policy is an internal act of the company MIZARSTVO IN MONTA\u017dNE STORITVE MATJA\u017d JERAN\u010cI\u010c S.P. (hereinafter: the processor) and applies to all legal relationships between it and service clients (hereinafter: the controller). This act defines the rights and obligations of the processor and the controller in [&hellip;]\" \/>\n<meta property=\"og:url\" content=\"https:\/\/www.mizarstvo-jerancic.si\/en\/privacy-policy\/\" \/>\n<meta property=\"og:site_name\" content=\"Mizarstvo Jeran\u010di\u010d\" \/>\n<meta property=\"article:modified_time\" content=\"2025-12-15T13:30:13+00:00\" \/>\n<meta name=\"twitter:card\" content=\"summary_large_image\" \/>\n<meta name=\"twitter:label1\" content=\"Est. reading time\" \/>\n\t<meta name=\"twitter:data1\" content=\"9 minutes\" \/>\n<script type=\"application\/ld+json\" class=\"yoast-schema-graph\">{\"@context\":\"https:\/\/schema.org\",\"@graph\":[{\"@type\":\"WebPage\",\"@id\":\"https:\/\/www.mizarstvo-jerancic.si\/en\/privacy-policy\/\",\"url\":\"https:\/\/www.mizarstvo-jerancic.si\/en\/privacy-policy\/\",\"name\":\"Privacy Policy | Mizarstvo Jeran\u010di\u010d\",\"isPartOf\":{\"@id\":\"https:\/\/www.mizarstvo-jerancic.si\/#website\"},\"datePublished\":\"2024-06-19T12:47:38+00:00\",\"dateModified\":\"2025-12-15T13:30:13+00:00\",\"breadcrumb\":{\"@id\":\"https:\/\/www.mizarstvo-jerancic.si\/en\/privacy-policy\/#breadcrumb\"},\"inLanguage\":\"en-US\",\"potentialAction\":[{\"@type\":\"ReadAction\",\"target\":[\"https:\/\/www.mizarstvo-jerancic.si\/en\/privacy-policy\/\"]}]},{\"@type\":\"BreadcrumbList\",\"@id\":\"https:\/\/www.mizarstvo-jerancic.si\/en\/privacy-policy\/#breadcrumb\",\"itemListElement\":[{\"@type\":\"ListItem\",\"position\":1,\"name\":\"Domov\",\"item\":\"https:\/\/www.mizarstvo-jerancic.si\/\"},{\"@type\":\"ListItem\",\"position\":2,\"name\":\"Privacy Policy\"}]},{\"@type\":\"WebSite\",\"@id\":\"https:\/\/www.mizarstvo-jerancic.si\/#website\",\"url\":\"https:\/\/www.mizarstvo-jerancic.si\/\",\"name\":\"Mizarstvo Jeran\u010di\u010d\",\"description\":\"Dolgoletne izku\u0161nje, tradicija ter nenehno strokovno izpopolnjevanje\",\"publisher\":{\"@id\":\"https:\/\/www.mizarstvo-jerancic.si\/#organization\"},\"potentialAction\":[{\"@type\":\"SearchAction\",\"target\":{\"@type\":\"EntryPoint\",\"urlTemplate\":\"https:\/\/www.mizarstvo-jerancic.si\/?s={search_term_string}\"},\"query-input\":{\"@type\":\"PropertyValueSpecification\",\"valueRequired\":true,\"valueName\":\"search_term_string\"}}],\"inLanguage\":\"en-US\"},{\"@type\":\"Organization\",\"@id\":\"https:\/\/www.mizarstvo-jerancic.si\/#organization\",\"name\":\"Mizarstvo Jeran\u010di\u010d\",\"url\":\"https:\/\/www.mizarstvo-jerancic.si\/\",\"logo\":{\"@type\":\"ImageObject\",\"inLanguage\":\"en-US\",\"@id\":\"https:\/\/www.mizarstvo-jerancic.si\/#\/schema\/logo\/image\/\",\"url\":\"https:\/\/www.mizarstvo-jerancic.si\/wp-content\/uploads\/2024\/06\/mizarstvo-jerancic-logo.png\",\"contentUrl\":\"https:\/\/www.mizarstvo-jerancic.si\/wp-content\/uploads\/2024\/06\/mizarstvo-jerancic-logo.png\",\"width\":1494,\"height\":265,\"caption\":\"Mizarstvo Jeran\u010di\u010d\"},\"image\":{\"@id\":\"https:\/\/www.mizarstvo-jerancic.si\/#\/schema\/logo\/image\/\"}}]}<\/script>\n<!-- \/ Yoast SEO plugin. -->","yoast_head_json":{"title":"Privacy Policy | Mizarstvo Jeran\u010di\u010d","robots":{"index":"index","follow":"follow","max-snippet":"max-snippet:-1","max-image-preview":"max-image-preview:large","max-video-preview":"max-video-preview:-1"},"canonical":"https:\/\/www.mizarstvo-jerancic.si\/en\/privacy-policy\/","og_locale":"en_US","og_type":"article","og_title":"Privacy Policy | Mizarstvo Jeran\u010di\u010d","og_description":"Privacy policy Meaning of Terms Privacy Policy The Privacy Policy is an internal act of the company MIZARSTVO IN MONTA\u017dNE STORITVE MATJA\u017d JERAN\u010cI\u010c S.P. (hereinafter: the processor) and applies to all legal relationships between it and service clients (hereinafter: the controller). This act defines the rights and obligations of the processor and the controller in [&hellip;]","og_url":"https:\/\/www.mizarstvo-jerancic.si\/en\/privacy-policy\/","og_site_name":"Mizarstvo Jeran\u010di\u010d","article_modified_time":"2025-12-15T13:30:13+00:00","twitter_card":"summary_large_image","twitter_misc":{"Est. reading time":"9 minutes"},"schema":{"@context":"https:\/\/schema.org","@graph":[{"@type":"WebPage","@id":"https:\/\/www.mizarstvo-jerancic.si\/en\/privacy-policy\/","url":"https:\/\/www.mizarstvo-jerancic.si\/en\/privacy-policy\/","name":"Privacy Policy | Mizarstvo Jeran\u010di\u010d","isPartOf":{"@id":"https:\/\/www.mizarstvo-jerancic.si\/#website"},"datePublished":"2024-06-19T12:47:38+00:00","dateModified":"2025-12-15T13:30:13+00:00","breadcrumb":{"@id":"https:\/\/www.mizarstvo-jerancic.si\/en\/privacy-policy\/#breadcrumb"},"inLanguage":"en-US","potentialAction":[{"@type":"ReadAction","target":["https:\/\/www.mizarstvo-jerancic.si\/en\/privacy-policy\/"]}]},{"@type":"BreadcrumbList","@id":"https:\/\/www.mizarstvo-jerancic.si\/en\/privacy-policy\/#breadcrumb","itemListElement":[{"@type":"ListItem","position":1,"name":"Domov","item":"https:\/\/www.mizarstvo-jerancic.si\/"},{"@type":"ListItem","position":2,"name":"Privacy Policy"}]},{"@type":"WebSite","@id":"https:\/\/www.mizarstvo-jerancic.si\/#website","url":"https:\/\/www.mizarstvo-jerancic.si\/","name":"Mizarstvo Jeran\u010di\u010d","description":"Dolgoletne izku\u0161nje, tradicija ter nenehno strokovno izpopolnjevanje","publisher":{"@id":"https:\/\/www.mizarstvo-jerancic.si\/#organization"},"potentialAction":[{"@type":"SearchAction","target":{"@type":"EntryPoint","urlTemplate":"https:\/\/www.mizarstvo-jerancic.si\/?s={search_term_string}"},"query-input":{"@type":"PropertyValueSpecification","valueRequired":true,"valueName":"search_term_string"}}],"inLanguage":"en-US"},{"@type":"Organization","@id":"https:\/\/www.mizarstvo-jerancic.si\/#organization","name":"Mizarstvo Jeran\u010di\u010d","url":"https:\/\/www.mizarstvo-jerancic.si\/","logo":{"@type":"ImageObject","inLanguage":"en-US","@id":"https:\/\/www.mizarstvo-jerancic.si\/#\/schema\/logo\/image\/","url":"https:\/\/www.mizarstvo-jerancic.si\/wp-content\/uploads\/2024\/06\/mizarstvo-jerancic-logo.png","contentUrl":"https:\/\/www.mizarstvo-jerancic.si\/wp-content\/uploads\/2024\/06\/mizarstvo-jerancic-logo.png","width":1494,"height":265,"caption":"Mizarstvo Jeran\u010di\u010d"},"image":{"@id":"https:\/\/www.mizarstvo-jerancic.si\/#\/schema\/logo\/image\/"}}]}},"_links":{"self":[{"href":"https:\/\/www.mizarstvo-jerancic.si\/en\/wp-json\/wp\/v2\/pages\/28141","targetHints":{"allow":["GET"]}}],"collection":[{"href":"https:\/\/www.mizarstvo-jerancic.si\/en\/wp-json\/wp\/v2\/pages"}],"about":[{"href":"https:\/\/www.mizarstvo-jerancic.si\/en\/wp-json\/wp\/v2\/types\/page"}],"author":[{"embeddable":true,"href":"https:\/\/www.mizarstvo-jerancic.si\/en\/wp-json\/wp\/v2\/users\/1"}],"replies":[{"embeddable":true,"href":"https:\/\/www.mizarstvo-jerancic.si\/en\/wp-json\/wp\/v2\/comments?post=28141"}],"version-history":[{"count":4,"href":"https:\/\/www.mizarstvo-jerancic.si\/en\/wp-json\/wp\/v2\/pages\/28141\/revisions"}],"predecessor-version":[{"id":28361,"href":"https:\/\/www.mizarstvo-jerancic.si\/en\/wp-json\/wp\/v2\/pages\/28141\/revisions\/28361"}],"wp:attachment":[{"href":"https:\/\/www.mizarstvo-jerancic.si\/en\/wp-json\/wp\/v2\/media?parent=28141"}],"curies":[{"name":"wp","href":"https:\/\/api.w.org\/{rel}","templated":true}]}}