{"id":28139,"date":"2024-06-19T12:48:02","date_gmt":"2024-06-19T12:48:02","guid":{"rendered":"https:\/\/www.mizarstvo-jerancic.si\/kontakt\/"},"modified":"2025-12-15T20:13:32","modified_gmt":"2025-12-15T20:13:32","slug":"contact","status":"publish","type":"page","link":"https:\/\/www.mizarstvo-jerancic.si\/en\/contact\/","title":{"rendered":"Contact"},"content":{"rendered":"\t\t<div data-elementor-type=\"wp-page\" data-elementor-id=\"28139\" class=\"elementor elementor-28139 elementor-26337\">\n\t\t\t\t<div class=\"elementor-element elementor-element-74feb9f e-con-full e-flex e-con e-parent\" data-id=\"74feb9f\" data-element_type=\"container\" data-settings=\"{&quot;background_background&quot;:&quot;classic&quot;}\">\n\t\t<div class=\"elementor-element elementor-element-3daa227 e-con-full animated-fast e-flex elementor-invisible e-con e-child\" data-id=\"3daa227\" data-element_type=\"container\" data-settings=\"{&quot;background_background&quot;:&quot;classic&quot;,&quot;animation&quot;:&quot;fadeIn&quot;,&quot;animation_delay&quot;:100}\">\n\t\t\t\t<div class=\"elementor-element elementor-element-2ead5f8 elementor-widget__width-inherit elementor-widget elementor-widget-html\" data-id=\"2ead5f8\" data-element_type=\"widget\" data-settings=\"{&quot;ekit_we_effect_on&quot;:&quot;none&quot;}\" data-widget_type=\"html.default\">\n\t\t\t\t<div class=\"elementor-widget-container\">\n\t\t\t<iframe src=\"https:\/\/www.google.com\/maps\/embed?pb=!1m18!1m12!1m3!1d344.97984927086094!2d14.552248429106818!3d46.042718633326416!2m3!1f0!2f0!3f0!3m2!1i1024!2i768!4f13.1!3m3!1m2!1s0x47652df4038024d7%3A0xee5778fc212476a2!2sMizarstvo%20in%20monta%C5%BEne%20storitve%20Matja%C5%BE%20Jeran%C4%8Di%C4%8D%20s.p.!5e0!3m2!1ssl!2ssi!4v1733924795833!5m2!1ssl!2ssi\" style=\"border:0; height: 100%; min-height: 400px; width: 100%; flex: 1;\" allowfullscreen=\"\" loading=\"lazy\" referrerpolicy=\"no-referrer-when-downgrade\"><\/iframe>\t\t<\/div>\n\t\t\t\t<\/div>\n\t\t\t\t<\/div>\n\t\t<div class=\"elementor-element elementor-element-e6a4fba e-con-full e-flex e-con e-child\" data-id=\"e6a4fba\" data-element_type=\"container\">\n\t\t<div class=\"elementor-element elementor-element-7f59d12 e-con-full e-flex e-con e-child\" data-id=\"7f59d12\" data-element_type=\"container\">\n\t\t\t\t<div class=\"elementor-element elementor-element-5c25db8 animated-fast elementor-invisible elementor-widget elementor-widget-elementskit-heading\" data-id=\"5c25db8\" data-element_type=\"widget\" data-settings=\"{&quot;_animation&quot;:&quot;fadeIn&quot;,&quot;_animation_delay&quot;:100,&quot;ekit_we_effect_on&quot;:&quot;none&quot;}\" data-widget_type=\"elementskit-heading.default\">\n\t\t\t\t<div class=\"elementor-widget-container\">\n\t\t\t<div class=\"ekit-wid-con\" ><div class=\"ekit-heading elementskit-section-title-wraper text_left   ekit_heading_tablet-   ekit_heading_mobile-\"><h6 class=\"elementskit-section-subtitle  \">\n\t\t\t\t\t\tContact us\n\t\t\t\t\t<\/h6><h1 class=\"ekit-heading--title elementskit-section-title \">Do you have <span><span>questions?<\/span><\/span><\/h1>\t\t\t\t<div class='ekit-heading__description'>\n\t\t\t\t\t<p>Email: <a href=\"mailto:mizarstvo.jerancic@gmail.com\">mizarstvo.jerancic@gmail.com<\/a><\/p>\n<p>Phone: <a href=\"tel:+38631819626\">031 819 626<\/a><\/p>\n<p><strong>Address:<\/strong><br \/>\nHru\u0161evska cesta 62a<br \/>\n1000 Ljubljana<\/p>\n<p><a href=\"https:\/\/maps.app.goo.gl\/9w1GEXEhHsehLibZ8\" target=\"_blank\" rel=\"noopener\">View on map \u2192<\/a><\/p>\n<p>Or fill out the form below and we will respond as soon as possible.<\/p>\n\t\t\t\t<\/div>\n\t\t\t<\/div><\/div>\t\t<\/div>\n\t\t\t\t<\/div>\n\t\t\t\t<div class=\"elementor-element elementor-element-734f48a animated-fast elementor-invisible elementor-widget elementor-widget-elementskit-contact-form7\" data-id=\"734f48a\" data-element_type=\"widget\" data-settings=\"{&quot;_animation&quot;:&quot;fadeIn&quot;,&quot;_animation_delay&quot;:300,&quot;ekit_we_effect_on&quot;:&quot;none&quot;}\" data-widget_type=\"elementskit-contact-form7.default\">\n\t\t\t\t<div class=\"elementor-widget-container\">\n\t\t\t<div class=\"ekit-wid-con\" ><div class=\"ekit-form\">\n<div class=\"wpcf7 no-js\" id=\"wpcf7-f28201-o1\" lang=\"sl-SI\" dir=\"ltr\" data-wpcf7-id=\"28201\">\n<div class=\"screen-reader-response\"><p role=\"status\" aria-live=\"polite\" aria-atomic=\"true\"><\/p> <ul><\/ul><\/div>\n<form action=\"\/en\/wp-json\/wp\/v2\/pages\/28139#wpcf7-f28201-o1\" method=\"post\" class=\"wpcf7-form init\" aria-label=\"Contact form\" novalidate=\"novalidate\" data-status=\"init\">\n<fieldset class=\"hidden-fields-container\"><input type=\"hidden\" name=\"_wpcf7\" value=\"28201\" \/><input type=\"hidden\" name=\"_wpcf7_version\" value=\"6.1.4\" \/><input type=\"hidden\" name=\"_wpcf7_locale\" value=\"sl_SI\" \/><input type=\"hidden\" name=\"_wpcf7_unit_tag\" value=\"wpcf7-f28201-o1\" \/><input type=\"hidden\" name=\"_wpcf7_container_post\" value=\"0\" \/><input type=\"hidden\" name=\"_wpcf7_posted_data_hash\" value=\"\" \/>\n<\/fieldset>\n<div class=\"keydesign-label\">\n\t<p><label>Name*<\/label><span class=\"wpcf7-form-control-wrap\" data-name=\"your-name\"><input size=\"40\" maxlength=\"400\" class=\"wpcf7-form-control wpcf7-text wpcf7-validates-as-required\" aria-required=\"true\" aria-invalid=\"false\" value=\"\" type=\"text\" name=\"your-name\" \/><\/span>\n\t<\/p>\n<\/div>\n<div class=\"keydesign-label\">\n\t<p><label>Email*<\/label><span class=\"wpcf7-form-control-wrap\" data-name=\"your-email\"><input size=\"40\" maxlength=\"400\" class=\"wpcf7-form-control wpcf7-email wpcf7-validates-as-required wpcf7-text wpcf7-validates-as-email\" aria-required=\"true\" aria-invalid=\"false\" value=\"\" type=\"email\" name=\"your-email\" \/><\/span>\n\t<\/p>\n<\/div>\n<div class=\"keydesign-label\">\n\t<p><label>Message*<\/label><span class=\"wpcf7-form-control-wrap\" data-name=\"your-message\"><textarea cols=\"40\" rows=\"10\" maxlength=\"2000\" class=\"wpcf7-form-control wpcf7-textarea wpcf7-validates-as-required\" aria-required=\"true\" aria-invalid=\"false\" name=\"your-message\"><\/textarea><\/span>\n\t<\/p>\n<\/div>\n<p><input class=\"wpcf7-form-control wpcf7-submit has-spinner\" type=\"submit\" value=\"Send\" \/>\n<\/p><div class=\"wpcf7-response-output\" aria-hidden=\"true\"><\/div>\n<\/form>\n<\/div>\n<\/div><\/div>\t\t<\/div>\n\t\t\t\t<\/div>\n\t\t\t\t<\/div>\n\t\t\t\t<\/div>\n\t\t\t\t<\/div>\n\t\t\t\t<\/div>\n\t\t","protected":false},"excerpt":{"rendered":"<p>Contact us Do you have questions? Email: mizarstvo.jerancic@gmail.com Phone: 031 819 626 Address: Hru\u0161evska cesta 62a 1000 Ljubljana View on map \u2192 Or fill out the form below and we will respond as soon as possible. Name* Email* Message*<\/p>\n","protected":false},"author":1,"featured_media":0,"parent":0,"menu_order":0,"comment_status":"closed","ping_status":"closed","template":"","meta":{"footnotes":""},"class_list":["post-28139","page","type-page","status-publish","hentry"],"yoast_head":"<!-- This site is optimized with the Yoast SEO plugin v26.6 - https:\/\/yoast.com\/wordpress\/plugins\/seo\/ -->\n<title>Contact | Mizarstvo Jeran\u010di\u010d<\/title>\n<meta name=\"robots\" content=\"index, follow, max-snippet:-1, max-image-preview:large, max-video-preview:-1\" \/>\n<link rel=\"canonical\" href=\"https:\/\/www.mizarstvo-jerancic.si\/kontakt\/\" \/>\n<meta property=\"og:locale\" content=\"en_US\" \/>\n<meta property=\"og:type\" content=\"article\" \/>\n<meta property=\"og:title\" content=\"Contact | Mizarstvo Jeran\u010di\u010d\" \/>\n<meta property=\"og:description\" content=\"Contact us Do you have questions? Email: mizarstvo.jerancic@gmail.com Phone: 031 819 626 Address: Hru\u0161evska cesta 62a 1000 Ljubljana View on map \u2192 Or fill out the form below and we will respond as soon as possible. Name* Email* Message*\" \/>\n<meta property=\"og:url\" content=\"https:\/\/www.mizarstvo-jerancic.si\/kontakt\/\" \/>\n<meta property=\"og:site_name\" content=\"Mizarstvo Jeran\u010di\u010d\" \/>\n<meta property=\"article:modified_time\" content=\"2025-12-15T20:13:32+00:00\" \/>\n<meta name=\"twitter:card\" content=\"summary_large_image\" \/>\n<meta name=\"twitter:label1\" content=\"Est. reading time\" \/>\n\t<meta name=\"twitter:data1\" content=\"1 minute\" \/>\n<script type=\"application\/ld+json\" class=\"yoast-schema-graph\">{\"@context\":\"https:\/\/schema.org\",\"@graph\":[{\"@type\":\"WebPage\",\"@id\":\"https:\/\/www.mizarstvo-jerancic.si\/kontakt\/\",\"url\":\"https:\/\/www.mizarstvo-jerancic.si\/kontakt\/\",\"name\":\"Contact | Mizarstvo Jeran\u010di\u010d\",\"isPartOf\":{\"@id\":\"https:\/\/www.mizarstvo-jerancic.si\/#website\"},\"datePublished\":\"2024-06-19T12:48:02+00:00\",\"dateModified\":\"2025-12-15T20:13:32+00:00\",\"breadcrumb\":{\"@id\":\"https:\/\/www.mizarstvo-jerancic.si\/kontakt\/#breadcrumb\"},\"inLanguage\":\"en-US\",\"potentialAction\":[{\"@type\":\"ReadAction\",\"target\":[\"https:\/\/www.mizarstvo-jerancic.si\/kontakt\/\"]}]},{\"@type\":\"BreadcrumbList\",\"@id\":\"https:\/\/www.mizarstvo-jerancic.si\/kontakt\/#breadcrumb\",\"itemListElement\":[{\"@type\":\"ListItem\",\"position\":1,\"name\":\"Domov\",\"item\":\"https:\/\/www.mizarstvo-jerancic.si\/\"},{\"@type\":\"ListItem\",\"position\":2,\"name\":\"Contact\"}]},{\"@type\":\"WebSite\",\"@id\":\"https:\/\/www.mizarstvo-jerancic.si\/#website\",\"url\":\"https:\/\/www.mizarstvo-jerancic.si\/\",\"name\":\"Mizarstvo Jeran\u010di\u010d\",\"description\":\"Dolgoletne izku\u0161nje, tradicija ter nenehno strokovno izpopolnjevanje\",\"publisher\":{\"@id\":\"https:\/\/www.mizarstvo-jerancic.si\/#organization\"},\"potentialAction\":[{\"@type\":\"SearchAction\",\"target\":{\"@type\":\"EntryPoint\",\"urlTemplate\":\"https:\/\/www.mizarstvo-jerancic.si\/?s={search_term_string}\"},\"query-input\":{\"@type\":\"PropertyValueSpecification\",\"valueRequired\":true,\"valueName\":\"search_term_string\"}}],\"inLanguage\":\"en-US\"},{\"@type\":\"Organization\",\"@id\":\"https:\/\/www.mizarstvo-jerancic.si\/#organization\",\"name\":\"Mizarstvo Jeran\u010di\u010d\",\"url\":\"https:\/\/www.mizarstvo-jerancic.si\/\",\"logo\":{\"@type\":\"ImageObject\",\"inLanguage\":\"en-US\",\"@id\":\"https:\/\/www.mizarstvo-jerancic.si\/#\/schema\/logo\/image\/\",\"url\":\"https:\/\/www.mizarstvo-jerancic.si\/wp-content\/uploads\/2024\/06\/mizarstvo-jerancic-logo.png\",\"contentUrl\":\"https:\/\/www.mizarstvo-jerancic.si\/wp-content\/uploads\/2024\/06\/mizarstvo-jerancic-logo.png\",\"width\":1494,\"height\":265,\"caption\":\"Mizarstvo Jeran\u010di\u010d\"},\"image\":{\"@id\":\"https:\/\/www.mizarstvo-jerancic.si\/#\/schema\/logo\/image\/\"}}]}<\/script>\n<!-- \/ Yoast SEO plugin. -->","yoast_head_json":{"title":"Contact | Mizarstvo Jeran\u010di\u010d","robots":{"index":"index","follow":"follow","max-snippet":"max-snippet:-1","max-image-preview":"max-image-preview:large","max-video-preview":"max-video-preview:-1"},"canonical":"https:\/\/www.mizarstvo-jerancic.si\/kontakt\/","og_locale":"en_US","og_type":"article","og_title":"Contact | Mizarstvo Jeran\u010di\u010d","og_description":"Contact us Do you have questions? Email: mizarstvo.jerancic@gmail.com Phone: 031 819 626 Address: Hru\u0161evska cesta 62a 1000 Ljubljana View on map \u2192 Or fill out the form below and we will respond as soon as possible. Name* Email* Message*","og_url":"https:\/\/www.mizarstvo-jerancic.si\/kontakt\/","og_site_name":"Mizarstvo Jeran\u010di\u010d","article_modified_time":"2025-12-15T20:13:32+00:00","twitter_card":"summary_large_image","twitter_misc":{"Est. reading time":"1 minute"},"schema":{"@context":"https:\/\/schema.org","@graph":[{"@type":"WebPage","@id":"https:\/\/www.mizarstvo-jerancic.si\/kontakt\/","url":"https:\/\/www.mizarstvo-jerancic.si\/kontakt\/","name":"Contact | Mizarstvo Jeran\u010di\u010d","isPartOf":{"@id":"https:\/\/www.mizarstvo-jerancic.si\/#website"},"datePublished":"2024-06-19T12:48:02+00:00","dateModified":"2025-12-15T20:13:32+00:00","breadcrumb":{"@id":"https:\/\/www.mizarstvo-jerancic.si\/kontakt\/#breadcrumb"},"inLanguage":"en-US","potentialAction":[{"@type":"ReadAction","target":["https:\/\/www.mizarstvo-jerancic.si\/kontakt\/"]}]},{"@type":"BreadcrumbList","@id":"https:\/\/www.mizarstvo-jerancic.si\/kontakt\/#breadcrumb","itemListElement":[{"@type":"ListItem","position":1,"name":"Domov","item":"https:\/\/www.mizarstvo-jerancic.si\/"},{"@type":"ListItem","position":2,"name":"Contact"}]},{"@type":"WebSite","@id":"https:\/\/www.mizarstvo-jerancic.si\/#website","url":"https:\/\/www.mizarstvo-jerancic.si\/","name":"Mizarstvo Jeran\u010di\u010d","description":"Dolgoletne izku\u0161nje, tradicija ter nenehno strokovno izpopolnjevanje","publisher":{"@id":"https:\/\/www.mizarstvo-jerancic.si\/#organization"},"potentialAction":[{"@type":"SearchAction","target":{"@type":"EntryPoint","urlTemplate":"https:\/\/www.mizarstvo-jerancic.si\/?s={search_term_string}"},"query-input":{"@type":"PropertyValueSpecification","valueRequired":true,"valueName":"search_term_string"}}],"inLanguage":"en-US"},{"@type":"Organization","@id":"https:\/\/www.mizarstvo-jerancic.si\/#organization","name":"Mizarstvo Jeran\u010di\u010d","url":"https:\/\/www.mizarstvo-jerancic.si\/","logo":{"@type":"ImageObject","inLanguage":"en-US","@id":"https:\/\/www.mizarstvo-jerancic.si\/#\/schema\/logo\/image\/","url":"https:\/\/www.mizarstvo-jerancic.si\/wp-content\/uploads\/2024\/06\/mizarstvo-jerancic-logo.png","contentUrl":"https:\/\/www.mizarstvo-jerancic.si\/wp-content\/uploads\/2024\/06\/mizarstvo-jerancic-logo.png","width":1494,"height":265,"caption":"Mizarstvo Jeran\u010di\u010d"},"image":{"@id":"https:\/\/www.mizarstvo-jerancic.si\/#\/schema\/logo\/image\/"}}]}},"_links":{"self":[{"href":"https:\/\/www.mizarstvo-jerancic.si\/en\/wp-json\/wp\/v2\/pages\/28139","targetHints":{"allow":["GET"]}}],"collection":[{"href":"https:\/\/www.mizarstvo-jerancic.si\/en\/wp-json\/wp\/v2\/pages"}],"about":[{"href":"https:\/\/www.mizarstvo-jerancic.si\/en\/wp-json\/wp\/v2\/types\/page"}],"author":[{"embeddable":true,"href":"https:\/\/www.mizarstvo-jerancic.si\/en\/wp-json\/wp\/v2\/users\/1"}],"replies":[{"embeddable":true,"href":"https:\/\/www.mizarstvo-jerancic.si\/en\/wp-json\/wp\/v2\/comments?post=28139"}],"version-history":[{"count":13,"href":"https:\/\/www.mizarstvo-jerancic.si\/en\/wp-json\/wp\/v2\/pages\/28139\/revisions"}],"predecessor-version":[{"id":28572,"href":"https:\/\/www.mizarstvo-jerancic.si\/en\/wp-json\/wp\/v2\/pages\/28139\/revisions\/28572"}],"wp:attachment":[{"href":"https:\/\/www.mizarstvo-jerancic.si\/en\/wp-json\/wp\/v2\/media?parent=28139"}],"curies":[{"name":"wp","href":"https:\/\/api.w.org\/{rel}","templated":true}]}}