{"id":28126,"date":"2024-12-16T12:15:35","date_gmt":"2024-12-16T12:15:35","guid":{"rendered":"https:\/\/www.mizarstvo-jerancic.si\/piskotki\/"},"modified":"2025-12-15T13:17:09","modified_gmt":"2025-12-15T13:17:09","slug":"cookies","status":"publish","type":"page","link":"https:\/\/www.mizarstvo-jerancic.si\/en\/cookies\/","title":{"rendered":"Cookies"},"content":{"rendered":"\t\t<div data-elementor-type=\"wp-page\" data-elementor-id=\"28126\" class=\"elementor elementor-28126 elementor-27798\">\n\t\t\t\t<div class=\"elementor-element elementor-element-0789382 e-flex e-con-boxed e-con e-parent\" data-id=\"0789382\" data-element_type=\"container\" data-settings=\"{&quot;background_background&quot;:&quot;classic&quot;}\">\n\t\t\t\t\t<div class=\"e-con-inner\">\n\t\t<div class=\"elementor-element elementor-element-d29d2a7 e-con-full e-flex e-con e-child\" data-id=\"d29d2a7\" data-element_type=\"container\">\n\t\t\t\t<div class=\"elementor-element elementor-element-9558a28 elementor-widget elementor-widget-elementskit-heading\" data-id=\"9558a28\" data-element_type=\"widget\" data-settings=\"{&quot;ekit_we_effect_on&quot;:&quot;css&quot;}\" data-widget_type=\"elementskit-heading.default\">\n\t\t\t\t<div class=\"elementor-widget-container\">\n\t\t\t<div class=\"ekit-wid-con\" ><div class=\"ekit-heading elementskit-section-title-wraper text_center   ekit_heading_tablet-   ekit_heading_mobile-\"><h1 class=\"ekit-heading--title elementskit-section-title \">Cookies<\/h1><\/div><\/div>\t\t<\/div>\n\t\t\t\t<\/div>\n\t\t\t\t<\/div>\n\t\t\t\t\t<\/div>\n\t\t\t\t<\/div>\n\t\t<div class=\"elementor-element elementor-element-62b5cf5 e-flex e-con-boxed e-con e-parent\" data-id=\"62b5cf5\" data-element_type=\"container\">\n\t\t\t\t\t<div class=\"e-con-inner\">\n\t\t\t\t<div class=\"elementor-element elementor-element-9d3d5fc elementor-widget elementor-widget-text-editor\" data-id=\"9d3d5fc\" data-element_type=\"widget\" data-settings=\"{&quot;ekit_we_effect_on&quot;:&quot;none&quot;}\" data-widget_type=\"text-editor.default\">\n\t\t\t\t<div class=\"elementor-widget-container\">\n\t\t\t\t\t\t\t<p data-pm-slice=\"1 3 []\">To make your experience on our website easier and more enjoyable, we use cookies. Cookies are small data files that allow us to distinguish between new and returning visitors and to understand how visitors use our website. They provide us with information that helps us improve future visits and make the website more efficient and user-friendly.<\/p><p>If you do not wish to use cookies, you can configure your computer to delete all website cookies and\/or to notify you before a cookie is stored on your device. If you do not wish to change your cookie settings, simply continue using the website.<\/p><div><hr \/><\/div><h2>Website and Data Controller<\/h2><p>The controller of this website and all data related to it is:<\/p><p><strong>MIZARSTVO IN MONTA\u017dNE STORITVE MATJA\u017d JERAN\u010cI\u010c S.P.<\/strong><br \/>Tax number: SI41793684<br \/>Registration number: 3227804000<br \/>E-mail: <a>mizarstvo.jerancic@gmail.com<\/a><br \/>Phone: +386 31 819 626<\/p><p>For more information about cookies and their impact, please visit <a><strong>www.aboutcookies.org<\/strong><\/a>.<\/p><div><hr \/><\/div><h2>Types of cookies we use<\/h2><table><tbody><tr><th>Cookie name<\/th><th>Purpose<\/th><th>Duration<\/th><\/tr><tr><td>CookiePreferences<\/td><td>Stores your consent regarding the use of Google services.<\/td><td>Two years<\/td><\/tr><tr><td>NID<\/td><td>Identifier for Google settings.<\/td><td>10 months<\/td><\/tr><tr><td>PH_HPXY_CHECK<\/td><td>Cookie essential for the proper functioning of the website; loaded on each visit and valid for one session.<\/td><td>Until browser is closed<\/td><\/tr><tr><td>_ga<\/td><td>Website traffic statistics.<\/td><td>Two years<\/td><\/tr><tr><td>_gid<\/td><td>Website traffic statistics.<\/td><td>One day<\/td><\/tr><tr><td>_gat<\/td><td>Google Analytics cookie used to limit the rate of requests. It does not contain user-identifiable information and is deleted 10 minutes after being set.<\/td><td>10 minutes<\/td><\/tr><tr><td>wordpress_logged_in_3054fecbcbdf6e59458543f8aefcff8a<\/td><td>Remembers the logged-in user on the website.<\/td><td>Until browser is closed<\/td><\/tr><tr><td>wordpress_sec_3054fecbcbdf6e59458543f8aefcff8a<\/td><td>Security cookie.<\/td><td>Until browser is closed<\/td><\/tr><tr><td>wordpress_test_cookie<\/td><td>Cookie used to check whether cookies are enabled in the browser.<\/td><td>Until browser is closed<\/td><\/tr><tr><td>wp-settings-1<\/td><td>Used to customize the display of the website and (administrative) interface.<\/td><td>210 minutes from page update<\/td><\/tr><tr><td>wp-settings-time-1<\/td><td>Used to customize the display of the website and (administrative) interface.<\/td><td>210 minutes from page update<\/td><\/tr><\/tbody><\/table><div><hr \/><\/div><h2>Mandatory Cookies<\/h2><p>These cookies are essential for enabling movement around the website and the use of its features, such as access to secure areas of the website. Without these cookies, services you have requested (such as forms or secure access) cannot be provided.<\/p><div><hr \/><\/div><h2>Performance Cookies<\/h2><p>These cookies collect information about how visitors use the website, for example which pages visitors go to most often and whether they receive error messages from web pages. These cookies do not collect information that identifies a visitor. All information collected by these cookies is aggregated and therefore anonymous. They are used solely to improve the performance of the website.<\/p><p>By continuing to use our website after receiving the cookie notice, you consent to the use of this type of cookies on your device.<\/p><div><hr \/><\/div><h2>Functional Cookies<\/h2><p>These cookies allow the website to remember choices you make (such as your username, language, or region) and provide enhanced, more personal features. For example, the website may provide you with customized content based on articles you have marked as favorites.<\/p><p>These cookies may also remember changes you make to text size, fonts, and other customizable elements of the website. They can also be used to provide services you have requested, such as watching a video or posting comments. The information collected by these cookies may be anonymized and does not track your browsing activity on other websites.<\/p><p>By continuing to use our website after receiving the cookie notice, you consent to the use of this type of cookies on your device.<\/p><div><hr \/><\/div><h2>How to Manage Cookies on a Personal Computer<\/h2><p>You can disable Google Analytics by clicking on the option to disable it. By clicking \u201cDisable Google Analytics\u201d, analytics will be disabled for one month.<\/p><p>If you wish to enable cookies for our website, please follow the instructions below depending on your browser.<\/p><h3>Google Chrome<\/h3><ul data-spread=\"false\"><li><p>Click \u201cTools\u201d at the top of your browser and select \u201cSettings\u201d.<\/p><\/li><li><p>Click \u201cShow advanced settings\u201d, go to the \u201cPrivacy\u201d section, and click \u201cContent settings\u201d.<\/p><\/li><li><p>Select \u201cAllow sites to save and read cookie data\u201d.<\/p><\/li><\/ul><h3>Microsoft Internet Explorer 6.0, 7.0, 8.0, 9.0<\/h3><ul data-spread=\"false\"><li><p>Click \u201cTools\u201d at the top of your browser and select \u201cInternet Options\u201d.<\/p><\/li><li><p>Click the \u201cPrivacy\u201d tab.<\/p><\/li><li><p>Ensure that your privacy level is set to Medium or lower to allow cookies.<\/p><\/li><\/ul><h3>Mozilla Firefox<\/h3><ul data-spread=\"false\"><li><p>Click \u201cTools\u201d at the top of your browser and select \u201cOptions\u201d.<\/p><\/li><li><p>Select the \u201cPrivacy\u201d icon.<\/p><\/li><li><p>Click \u201cCookies\u201d and choose \u201cAllow sites to create cookies\u201d.<\/p><\/li><\/ul><h3>Safari<\/h3><ul data-spread=\"false\"><li><p>Click the gear icon at the top of your browser and select \u201cPreferences\u201d.<\/p><\/li><li><p>Click \u201cPrivacy\u201d and select the option to disable blocking of third-party and advertising cookies.<\/p><\/li><li><p>Click \u201cSave\u201d.<\/p><\/li><\/ul><div><hr \/><\/div><h2>How to Manage Cookies on macOS<\/h2><h3>Microsoft Internet Explorer 5.0 on macOS<\/h3><ul data-spread=\"false\"><li><p>Click \u201cExplorer\u201d at the top of your browser and select \u201cPreferences\u201d.<\/p><\/li><li><p>Scroll down to \u201cCookies\u201d under \u201cReceived Files\u201d.<\/p><\/li><li><p>Select \u201cNever ask\u201d.<\/p><\/li><\/ul><h3>Safari on macOS<\/h3><ul data-spread=\"false\"><li><p>Click \u201cSafari\u201d at the top of your browser and select \u201cPreferences\u201d.<\/p><\/li><li><p>Click \u201cPrivacy\u201d and select \u201cEnable cookies\u201d.<\/p><\/li><li><p>Choose \u201cOnly from websites you visit\u201d.<\/p><\/li><\/ul><h3>Mozilla and Netscape on macOS<\/h3><ul data-spread=\"false\"><li><p>Click \u201cMozilla\u201d or \u201cNetscape\u201d at the top of your browser and select \u201cPreferences\u201d.<\/p><\/li><li><p>Scroll down to \u201cCookies\u201d under \u201cPrivacy &amp; Security\u201d.<\/p><\/li><li><p>Select \u201cAllow cookies only from the originating website\u201d.<\/p><\/li><\/ul><h3>Opera<\/h3><ul data-spread=\"false\"><li><p>Click \u201cMenu\u201d at the top of your browser and select \u201cSettings\u201d.<\/p><\/li><li><p>Select \u201cPreferences\u201d and then the \u201cAdvanced\u201d tab.<\/p><\/li><li><p>Choose \u201cEnable cookies\u201d.<\/p><\/li><\/ul>\t\t\t\t\t\t<\/div>\n\t\t\t\t<\/div>\n\t\t\t\t\t<\/div>\n\t\t\t\t<\/div>\n\t\t\t\t<\/div>\n\t\t","protected":false},"excerpt":{"rendered":"<p>Cookies To make your experience on our website easier and more enjoyable, we use cookies. Cookies are small data files that allow us to distinguish between new and returning visitors and to understand how visitors use our website. They provide us with information that helps us improve future visits and make the website more efficient [&hellip;]<\/p>\n","protected":false},"author":1,"featured_media":0,"parent":0,"menu_order":0,"comment_status":"closed","ping_status":"closed","template":"","meta":{"footnotes":""},"class_list":["post-28126","page","type-page","status-publish","hentry"],"yoast_head":"<!-- This site is optimized with the Yoast SEO plugin v26.6 - https:\/\/yoast.com\/wordpress\/plugins\/seo\/ -->\n<title>Cookies | Mizarstvo Jeran\u010di\u010d<\/title>\n<meta name=\"robots\" content=\"index, follow, max-snippet:-1, max-image-preview:large, max-video-preview:-1\" \/>\n<link rel=\"canonical\" href=\"https:\/\/www.mizarstvo-jerancic.si\/en\/cookies\/\" \/>\n<meta property=\"og:locale\" content=\"en_US\" \/>\n<meta property=\"og:type\" content=\"article\" \/>\n<meta property=\"og:title\" content=\"Cookies | Mizarstvo Jeran\u010di\u010d\" \/>\n<meta property=\"og:description\" content=\"Cookies To make your experience on our website easier and more enjoyable, we use cookies. Cookies are small data files that allow us to distinguish between new and returning visitors and to understand how visitors use our website. They provide us with information that helps us improve future visits and make the website more efficient [&hellip;]\" \/>\n<meta property=\"og:url\" content=\"https:\/\/www.mizarstvo-jerancic.si\/en\/cookies\/\" \/>\n<meta property=\"og:site_name\" content=\"Mizarstvo Jeran\u010di\u010d\" \/>\n<meta property=\"article:modified_time\" content=\"2025-12-15T13:17:09+00:00\" \/>\n<meta name=\"twitter:card\" content=\"summary_large_image\" \/>\n<meta name=\"twitter:label1\" content=\"Est. reading time\" \/>\n\t<meta name=\"twitter:data1\" content=\"4 minutes\" \/>\n<script type=\"application\/ld+json\" class=\"yoast-schema-graph\">{\"@context\":\"https:\/\/schema.org\",\"@graph\":[{\"@type\":\"WebPage\",\"@id\":\"https:\/\/www.mizarstvo-jerancic.si\/en\/cookies\/\",\"url\":\"https:\/\/www.mizarstvo-jerancic.si\/en\/cookies\/\",\"name\":\"Cookies | Mizarstvo Jeran\u010di\u010d\",\"isPartOf\":{\"@id\":\"https:\/\/www.mizarstvo-jerancic.si\/#website\"},\"datePublished\":\"2024-12-16T12:15:35+00:00\",\"dateModified\":\"2025-12-15T13:17:09+00:00\",\"breadcrumb\":{\"@id\":\"https:\/\/www.mizarstvo-jerancic.si\/en\/cookies\/#breadcrumb\"},\"inLanguage\":\"en-US\",\"potentialAction\":[{\"@type\":\"ReadAction\",\"target\":[\"https:\/\/www.mizarstvo-jerancic.si\/en\/cookies\/\"]}]},{\"@type\":\"BreadcrumbList\",\"@id\":\"https:\/\/www.mizarstvo-jerancic.si\/en\/cookies\/#breadcrumb\",\"itemListElement\":[{\"@type\":\"ListItem\",\"position\":1,\"name\":\"Domov\",\"item\":\"https:\/\/www.mizarstvo-jerancic.si\/\"},{\"@type\":\"ListItem\",\"position\":2,\"name\":\"Cookies\"}]},{\"@type\":\"WebSite\",\"@id\":\"https:\/\/www.mizarstvo-jerancic.si\/#website\",\"url\":\"https:\/\/www.mizarstvo-jerancic.si\/\",\"name\":\"Mizarstvo Jeran\u010di\u010d\",\"description\":\"Dolgoletne izku\u0161nje, tradicija ter nenehno strokovno izpopolnjevanje\",\"publisher\":{\"@id\":\"https:\/\/www.mizarstvo-jerancic.si\/#organization\"},\"potentialAction\":[{\"@type\":\"SearchAction\",\"target\":{\"@type\":\"EntryPoint\",\"urlTemplate\":\"https:\/\/www.mizarstvo-jerancic.si\/?s={search_term_string}\"},\"query-input\":{\"@type\":\"PropertyValueSpecification\",\"valueRequired\":true,\"valueName\":\"search_term_string\"}}],\"inLanguage\":\"en-US\"},{\"@type\":\"Organization\",\"@id\":\"https:\/\/www.mizarstvo-jerancic.si\/#organization\",\"name\":\"Mizarstvo Jeran\u010di\u010d\",\"url\":\"https:\/\/www.mizarstvo-jerancic.si\/\",\"logo\":{\"@type\":\"ImageObject\",\"inLanguage\":\"en-US\",\"@id\":\"https:\/\/www.mizarstvo-jerancic.si\/#\/schema\/logo\/image\/\",\"url\":\"https:\/\/www.mizarstvo-jerancic.si\/wp-content\/uploads\/2024\/06\/mizarstvo-jerancic-logo.png\",\"contentUrl\":\"https:\/\/www.mizarstvo-jerancic.si\/wp-content\/uploads\/2024\/06\/mizarstvo-jerancic-logo.png\",\"width\":1494,\"height\":265,\"caption\":\"Mizarstvo Jeran\u010di\u010d\"},\"image\":{\"@id\":\"https:\/\/www.mizarstvo-jerancic.si\/#\/schema\/logo\/image\/\"}}]}<\/script>\n<!-- \/ Yoast SEO plugin. -->","yoast_head_json":{"title":"Cookies | Mizarstvo Jeran\u010di\u010d","robots":{"index":"index","follow":"follow","max-snippet":"max-snippet:-1","max-image-preview":"max-image-preview:large","max-video-preview":"max-video-preview:-1"},"canonical":"https:\/\/www.mizarstvo-jerancic.si\/en\/cookies\/","og_locale":"en_US","og_type":"article","og_title":"Cookies | Mizarstvo Jeran\u010di\u010d","og_description":"Cookies To make your experience on our website easier and more enjoyable, we use cookies. Cookies are small data files that allow us to distinguish between new and returning visitors and to understand how visitors use our website. They provide us with information that helps us improve future visits and make the website more efficient [&hellip;]","og_url":"https:\/\/www.mizarstvo-jerancic.si\/en\/cookies\/","og_site_name":"Mizarstvo Jeran\u010di\u010d","article_modified_time":"2025-12-15T13:17:09+00:00","twitter_card":"summary_large_image","twitter_misc":{"Est. reading time":"4 minutes"},"schema":{"@context":"https:\/\/schema.org","@graph":[{"@type":"WebPage","@id":"https:\/\/www.mizarstvo-jerancic.si\/en\/cookies\/","url":"https:\/\/www.mizarstvo-jerancic.si\/en\/cookies\/","name":"Cookies | Mizarstvo Jeran\u010di\u010d","isPartOf":{"@id":"https:\/\/www.mizarstvo-jerancic.si\/#website"},"datePublished":"2024-12-16T12:15:35+00:00","dateModified":"2025-12-15T13:17:09+00:00","breadcrumb":{"@id":"https:\/\/www.mizarstvo-jerancic.si\/en\/cookies\/#breadcrumb"},"inLanguage":"en-US","potentialAction":[{"@type":"ReadAction","target":["https:\/\/www.mizarstvo-jerancic.si\/en\/cookies\/"]}]},{"@type":"BreadcrumbList","@id":"https:\/\/www.mizarstvo-jerancic.si\/en\/cookies\/#breadcrumb","itemListElement":[{"@type":"ListItem","position":1,"name":"Domov","item":"https:\/\/www.mizarstvo-jerancic.si\/"},{"@type":"ListItem","position":2,"name":"Cookies"}]},{"@type":"WebSite","@id":"https:\/\/www.mizarstvo-jerancic.si\/#website","url":"https:\/\/www.mizarstvo-jerancic.si\/","name":"Mizarstvo Jeran\u010di\u010d","description":"Dolgoletne izku\u0161nje, tradicija ter nenehno strokovno izpopolnjevanje","publisher":{"@id":"https:\/\/www.mizarstvo-jerancic.si\/#organization"},"potentialAction":[{"@type":"SearchAction","target":{"@type":"EntryPoint","urlTemplate":"https:\/\/www.mizarstvo-jerancic.si\/?s={search_term_string}"},"query-input":{"@type":"PropertyValueSpecification","valueRequired":true,"valueName":"search_term_string"}}],"inLanguage":"en-US"},{"@type":"Organization","@id":"https:\/\/www.mizarstvo-jerancic.si\/#organization","name":"Mizarstvo Jeran\u010di\u010d","url":"https:\/\/www.mizarstvo-jerancic.si\/","logo":{"@type":"ImageObject","inLanguage":"en-US","@id":"https:\/\/www.mizarstvo-jerancic.si\/#\/schema\/logo\/image\/","url":"https:\/\/www.mizarstvo-jerancic.si\/wp-content\/uploads\/2024\/06\/mizarstvo-jerancic-logo.png","contentUrl":"https:\/\/www.mizarstvo-jerancic.si\/wp-content\/uploads\/2024\/06\/mizarstvo-jerancic-logo.png","width":1494,"height":265,"caption":"Mizarstvo Jeran\u010di\u010d"},"image":{"@id":"https:\/\/www.mizarstvo-jerancic.si\/#\/schema\/logo\/image\/"}}]}},"_links":{"self":[{"href":"https:\/\/www.mizarstvo-jerancic.si\/en\/wp-json\/wp\/v2\/pages\/28126","targetHints":{"allow":["GET"]}}],"collection":[{"href":"https:\/\/www.mizarstvo-jerancic.si\/en\/wp-json\/wp\/v2\/pages"}],"about":[{"href":"https:\/\/www.mizarstvo-jerancic.si\/en\/wp-json\/wp\/v2\/types\/page"}],"author":[{"embeddable":true,"href":"https:\/\/www.mizarstvo-jerancic.si\/en\/wp-json\/wp\/v2\/users\/1"}],"replies":[{"embeddable":true,"href":"https:\/\/www.mizarstvo-jerancic.si\/en\/wp-json\/wp\/v2\/comments?post=28126"}],"version-history":[{"count":7,"href":"https:\/\/www.mizarstvo-jerancic.si\/en\/wp-json\/wp\/v2\/pages\/28126\/revisions"}],"predecessor-version":[{"id":28353,"href":"https:\/\/www.mizarstvo-jerancic.si\/en\/wp-json\/wp\/v2\/pages\/28126\/revisions\/28353"}],"wp:attachment":[{"href":"https:\/\/www.mizarstvo-jerancic.si\/en\/wp-json\/wp\/v2\/media?parent=28126"}],"curies":[{"name":"wp","href":"https:\/\/api.w.org\/{rel}","templated":true}]}}